{"id":17,"date":"2022-11-21T19:30:53","date_gmt":"2022-11-21T22:30:53","guid":{"rendered":"http:\/\/marcosmarcolin.com.br\/dev\/?page_id=17"},"modified":"2022-12-22T08:41:18","modified_gmt":"2022-12-22T11:41:18","slug":"sobre-mim","status":"publish","type":"page","link":"https:\/\/marcosmarcolin.com.br\/dev\/sobre-mim\/","title":{"rendered":"Sobre mim"},"content":{"rendered":"\n<p>Ol\u00e1! Meu nome \u00e9 <strong>Marcos Marcolin<\/strong>, sou Desenvolvedor de Software e atuo com Pesquisa e Desenvolvimento, buscando novas tecnologias e desenvolvendo solu\u00e7\u00f5es.<\/p>\n\n\n\n<p>Antes, nesta \u00e1rea(TI) desde 2009, j\u00e1 atuei como <em>Webdesigner<\/em>, desenvolvedor <em>front-end<\/em> e de 2014 pra c\u00e1 meu foco \u00e9 desenvolvimento <em>back-end<\/em>, especificamente em <strong>PHP<\/strong>. Estudei Licenciatura em Inform\u00e1tica pela UTFPR, me especializei em Desenvolvimento Web pela UNOESC e atualmente curso Engenharia de Software na Est\u00e1cio de S\u00e1.<\/p>\n\n\n\n<p>Estou iniciando a minha jornada como escritor por aqui e espero que voc\u00ea me acompanhe! <\/p>\n\n\n\n<p>Com este simples blog, pretendo conciliar meu tempo livre na vida real e escrever algumas coisas por aqui, como experi\u00eancias e artigos t\u00e9cnicos voltados para programa\u00e7\u00e3o em geral.<\/p>\n\n\n\n<p>Voc\u00ea pode entrar em contato comigo via email <a href=\"mailto:marcolindev@gmail.com\">marcolindev@gmail.com<\/a> ou atrav\u00e9s dos meus perfis sociais: <a href=\"https:\/\/twitter.com\/marcolindev\">Twitter<\/a>, <a href=\"https:\/\/www.linkedin.com\/in\/marcosmarcolin\/\">LinkedIn<\/a> ou <a href=\"https:\/\/github.com\/marcosmarcolin\" target=\"_blank\" rel=\"noreferrer noopener\">GitHub<\/a>.<\/p>\n","protected":false},"excerpt":{"rendered":"<p>Ol\u00e1! Meu nome \u00e9 Marcos Marcolin, sou Desenvolvedor de Software e atuo com Pesquisa e Desenvolvimento, buscando novas tecnologias e desenvolvendo solu\u00e7\u00f5es. Antes, nesta \u00e1rea(TI)&#8230;<\/p>\n","protected":false},"author":1,"featured_media":0,"parent":0,"menu_order":0,"comment_status":"closed","ping_status":"closed","template":"","meta":{"_monsterinsights_skip_tracking":false,"_monsterinsights_sitenote_active":false,"_monsterinsights_sitenote_note":"","_monsterinsights_sitenote_category":0},"yoast_head":"<!-- This site is optimized with the Yoast SEO plugin v20.2.1 - https:\/\/yoast.com\/wordpress\/plugins\/seo\/ -->\n<title>Sobre mim - Blog do Marcolin<\/title>\n<meta name=\"robots\" content=\"index, follow, max-snippet:-1, max-image-preview:large, max-video-preview:-1\" \/>\n<link rel=\"canonical\" href=\"https:\/\/marcosmarcolin.com.br\/dev\/sobre-mim\/\" \/>\n<meta property=\"og:locale\" content=\"pt_BR\" \/>\n<meta property=\"og:type\" content=\"article\" \/>\n<meta property=\"og:title\" content=\"Sobre mim - Blog do Marcolin\" \/>\n<meta property=\"og:description\" content=\"Ol\u00e1! Meu nome \u00e9 Marcos Marcolin, sou Desenvolvedor de Software e atuo com Pesquisa e Desenvolvimento, buscando novas tecnologias e desenvolvendo solu\u00e7\u00f5es. Antes, nesta \u00e1rea(TI)...\" \/>\n<meta property=\"og:url\" content=\"https:\/\/marcosmarcolin.com.br\/dev\/sobre-mim\/\" \/>\n<meta property=\"og:site_name\" content=\"Blog do Marcolin\" \/>\n<meta property=\"article:modified_time\" content=\"2022-12-22T11:41:18+00:00\" \/>\n<meta name=\"twitter:card\" content=\"summary_large_image\" \/>\n<meta name=\"twitter:site\" content=\"@marcolindev\" \/>\n<meta name=\"twitter:label1\" content=\"Est. tempo de leitura\" \/>\n\t<meta name=\"twitter:data1\" content=\"1 minuto\" \/>\n<script type=\"application\/ld+json\" class=\"yoast-schema-graph\">{\"@context\":\"https:\/\/schema.org\",\"@graph\":[{\"@type\":\"WebPage\",\"@id\":\"https:\/\/marcosmarcolin.com.br\/dev\/sobre-mim\/\",\"url\":\"https:\/\/marcosmarcolin.com.br\/dev\/sobre-mim\/\",\"name\":\"Sobre mim - Blog do Marcolin\",\"isPartOf\":{\"@id\":\"https:\/\/marcosmarcolin.com.br\/dev\/#website\"},\"datePublished\":\"2022-11-21T22:30:53+00:00\",\"dateModified\":\"2022-12-22T11:41:18+00:00\",\"breadcrumb\":{\"@id\":\"https:\/\/marcosmarcolin.com.br\/dev\/sobre-mim\/#breadcrumb\"},\"inLanguage\":\"pt-BR\",\"potentialAction\":[{\"@type\":\"ReadAction\",\"target\":[\"https:\/\/marcosmarcolin.com.br\/dev\/sobre-mim\/\"]}]},{\"@type\":\"BreadcrumbList\",\"@id\":\"https:\/\/marcosmarcolin.com.br\/dev\/sobre-mim\/#breadcrumb\",\"itemListElement\":[{\"@type\":\"ListItem\",\"position\":1,\"name\":\"In\u00edcio\",\"item\":\"https:\/\/marcosmarcolin.com.br\/dev\/\"},{\"@type\":\"ListItem\",\"position\":2,\"name\":\"Sobre mim\"}]},{\"@type\":\"WebSite\",\"@id\":\"https:\/\/marcosmarcolin.com.br\/dev\/#website\",\"url\":\"https:\/\/marcosmarcolin.com.br\/dev\/\",\"name\":\"Blog do Marcolin\",\"description\":\"PHP &amp; DevOps\",\"publisher\":{\"@id\":\"https:\/\/marcosmarcolin.com.br\/dev\/#\/schema\/person\/6dc65ed86bf2212dfa12c6fcfb106afc\"},\"potentialAction\":[{\"@type\":\"SearchAction\",\"target\":{\"@type\":\"EntryPoint\",\"urlTemplate\":\"https:\/\/marcosmarcolin.com.br\/dev\/?s={search_term_string}\"},\"query-input\":\"required name=search_term_string\"}],\"inLanguage\":\"pt-BR\"},{\"@type\":[\"Person\",\"Organization\"],\"@id\":\"https:\/\/marcosmarcolin.com.br\/dev\/#\/schema\/person\/6dc65ed86bf2212dfa12c6fcfb106afc\",\"name\":\"Marcos Marcolin\",\"image\":{\"@type\":\"ImageObject\",\"inLanguage\":\"pt-BR\",\"@id\":\"https:\/\/marcosmarcolin.com.br\/dev\/#\/schema\/person\/image\/\",\"url\":\"https:\/\/marcosmarcolin.com.br\/dev\/wp-content\/uploads\/2022\/11\/20190113_104622-scaled.jpg\",\"contentUrl\":\"https:\/\/marcosmarcolin.com.br\/dev\/wp-content\/uploads\/2022\/11\/20190113_104622-scaled.jpg\",\"width\":1920,\"height\":2560,\"caption\":\"Marcos Marcolin\"},\"logo\":{\"@id\":\"https:\/\/marcosmarcolin.com.br\/dev\/#\/schema\/person\/image\/\"},\"description\":\"Desenvolvedor PHP.\",\"sameAs\":[\"http:\/\/marcosmarcolin.com.br\/dev\",\"https:\/\/www.instagram.com\/marcosmarcolin\/\",\"https:\/\/www.linkedin.com\/in\/marcosmarcolin\/\",\"https:\/\/twitter.com\/marcolindev\"]}]}<\/script>\n<!-- \/ Yoast SEO plugin. -->","yoast_head_json":{"title":"Sobre mim - Blog do Marcolin","robots":{"index":"index","follow":"follow","max-snippet":"max-snippet:-1","max-image-preview":"max-image-preview:large","max-video-preview":"max-video-preview:-1"},"canonical":"https:\/\/marcosmarcolin.com.br\/dev\/sobre-mim\/","og_locale":"pt_BR","og_type":"article","og_title":"Sobre mim - Blog do Marcolin","og_description":"Ol\u00e1! Meu nome \u00e9 Marcos Marcolin, sou Desenvolvedor de Software e atuo com Pesquisa e Desenvolvimento, buscando novas tecnologias e desenvolvendo solu\u00e7\u00f5es. Antes, nesta \u00e1rea(TI)...","og_url":"https:\/\/marcosmarcolin.com.br\/dev\/sobre-mim\/","og_site_name":"Blog do Marcolin","article_modified_time":"2022-12-22T11:41:18+00:00","twitter_card":"summary_large_image","twitter_site":"@marcolindev","twitter_misc":{"Est. tempo de leitura":"1 minuto"},"schema":{"@context":"https:\/\/schema.org","@graph":[{"@type":"WebPage","@id":"https:\/\/marcosmarcolin.com.br\/dev\/sobre-mim\/","url":"https:\/\/marcosmarcolin.com.br\/dev\/sobre-mim\/","name":"Sobre mim - Blog do Marcolin","isPartOf":{"@id":"https:\/\/marcosmarcolin.com.br\/dev\/#website"},"datePublished":"2022-11-21T22:30:53+00:00","dateModified":"2022-12-22T11:41:18+00:00","breadcrumb":{"@id":"https:\/\/marcosmarcolin.com.br\/dev\/sobre-mim\/#breadcrumb"},"inLanguage":"pt-BR","potentialAction":[{"@type":"ReadAction","target":["https:\/\/marcosmarcolin.com.br\/dev\/sobre-mim\/"]}]},{"@type":"BreadcrumbList","@id":"https:\/\/marcosmarcolin.com.br\/dev\/sobre-mim\/#breadcrumb","itemListElement":[{"@type":"ListItem","position":1,"name":"In\u00edcio","item":"https:\/\/marcosmarcolin.com.br\/dev\/"},{"@type":"ListItem","position":2,"name":"Sobre mim"}]},{"@type":"WebSite","@id":"https:\/\/marcosmarcolin.com.br\/dev\/#website","url":"https:\/\/marcosmarcolin.com.br\/dev\/","name":"Blog do Marcolin","description":"PHP &amp; DevOps","publisher":{"@id":"https:\/\/marcosmarcolin.com.br\/dev\/#\/schema\/person\/6dc65ed86bf2212dfa12c6fcfb106afc"},"potentialAction":[{"@type":"SearchAction","target":{"@type":"EntryPoint","urlTemplate":"https:\/\/marcosmarcolin.com.br\/dev\/?s={search_term_string}"},"query-input":"required name=search_term_string"}],"inLanguage":"pt-BR"},{"@type":["Person","Organization"],"@id":"https:\/\/marcosmarcolin.com.br\/dev\/#\/schema\/person\/6dc65ed86bf2212dfa12c6fcfb106afc","name":"Marcos Marcolin","image":{"@type":"ImageObject","inLanguage":"pt-BR","@id":"https:\/\/marcosmarcolin.com.br\/dev\/#\/schema\/person\/image\/","url":"https:\/\/marcosmarcolin.com.br\/dev\/wp-content\/uploads\/2022\/11\/20190113_104622-scaled.jpg","contentUrl":"https:\/\/marcosmarcolin.com.br\/dev\/wp-content\/uploads\/2022\/11\/20190113_104622-scaled.jpg","width":1920,"height":2560,"caption":"Marcos Marcolin"},"logo":{"@id":"https:\/\/marcosmarcolin.com.br\/dev\/#\/schema\/person\/image\/"},"description":"Desenvolvedor PHP.","sameAs":["http:\/\/marcosmarcolin.com.br\/dev","https:\/\/www.instagram.com\/marcosmarcolin\/","https:\/\/www.linkedin.com\/in\/marcosmarcolin\/","https:\/\/twitter.com\/marcolindev"]}]}},"_links":{"self":[{"href":"https:\/\/marcosmarcolin.com.br\/dev\/wp-json\/wp\/v2\/pages\/17"}],"collection":[{"href":"https:\/\/marcosmarcolin.com.br\/dev\/wp-json\/wp\/v2\/pages"}],"about":[{"href":"https:\/\/marcosmarcolin.com.br\/dev\/wp-json\/wp\/v2\/types\/page"}],"author":[{"embeddable":true,"href":"https:\/\/marcosmarcolin.com.br\/dev\/wp-json\/wp\/v2\/users\/1"}],"replies":[{"embeddable":true,"href":"https:\/\/marcosmarcolin.com.br\/dev\/wp-json\/wp\/v2\/comments?post=17"}],"version-history":[{"count":4,"href":"https:\/\/marcosmarcolin.com.br\/dev\/wp-json\/wp\/v2\/pages\/17\/revisions"}],"predecessor-version":[{"id":154,"href":"https:\/\/marcosmarcolin.com.br\/dev\/wp-json\/wp\/v2\/pages\/17\/revisions\/154"}],"wp:attachment":[{"href":"https:\/\/marcosmarcolin.com.br\/dev\/wp-json\/wp\/v2\/media?parent=17"}],"curies":[{"name":"wp","href":"https:\/\/api.w.org\/{rel}","templated":true}]}}